{"id":57,"date":"2015-10-20T10:10:40","date_gmt":"2015-10-20T10:10:40","guid":{"rendered":"http:\/\/www.sabine-serrad.fr\/?page_id=57"},"modified":"2020-06-08T17:34:56","modified_gmt":"2020-06-08T17:34:56","slug":"contact","status":"publish","type":"page","link":"https:\/\/www.sabine-serrad.fr\/?page_id=57","title":{"rendered":"Contact"},"content":{"rendered":"<p><a href=\"http:\/\/www.sabine-serrad.fr\/?attachment_id=1322\"><img loading=\"lazy\" decoding=\"async\" data-attachment-id=\"1322\" data-permalink=\"https:\/\/www.sabine-serrad.fr\/?attachment_id=1322\" data-orig-file=\"https:\/\/i0.wp.com\/www.sabine-serrad.fr\/wp-content\/uploads\/2020\/06\/Sabine-Serrad-Photographe.jpg?fit=661%2C992&amp;ssl=1\" data-orig-size=\"661,992\" data-comments-opened=\"0\" data-image-meta=\"{&quot;aperture&quot;:&quot;5&quot;,&quot;credit&quot;:&quot;&quot;,&quot;camera&quot;:&quot;NIKON D850&quot;,&quot;caption&quot;:&quot;&quot;,&quot;created_timestamp&quot;:&quot;1589793711&quot;,&quot;copyright&quot;:&quot;&quot;,&quot;focal_length&quot;:&quot;42&quot;,&quot;iso&quot;:&quot;640&quot;,&quot;shutter_speed&quot;:&quot;0.0125&quot;,&quot;title&quot;:&quot;&quot;,&quot;orientation&quot;:&quot;1&quot;}\" data-image-title=\"Sabine-Serrad-Photographe\" data-image-description=\"\" data-image-caption=\"\" data-medium-file=\"https:\/\/i0.wp.com\/www.sabine-serrad.fr\/wp-content\/uploads\/2020\/06\/Sabine-Serrad-Photographe.jpg?fit=600%2C900&amp;ssl=1\" data-large-file=\"https:\/\/i0.wp.com\/www.sabine-serrad.fr\/wp-content\/uploads\/2020\/06\/Sabine-Serrad-Photographe.jpg?fit=661%2C992&amp;ssl=1\" class=\"alignright wp-image-1322 size-medium\" src=\"https:\/\/i0.wp.com\/www.sabine-serrad.fr\/wp-content\/uploads\/2020\/06\/Sabine-Serrad-Photographe.jpg?resize=600%2C900\" alt=\"\" width=\"600\" height=\"900\" srcset=\"https:\/\/i0.wp.com\/www.sabine-serrad.fr\/wp-content\/uploads\/2020\/06\/Sabine-Serrad-Photographe.jpg?resize=600%2C900&amp;ssl=1 600w, https:\/\/i0.wp.com\/www.sabine-serrad.fr\/wp-content\/uploads\/2020\/06\/Sabine-Serrad-Photographe.jpg?w=661&amp;ssl=1 661w\" sizes=\"(max-width: 600px) 100vw, 600px\" data-recalc-dims=\"1\" \/><\/a><\/p>\n<p style=\"text-align: left;\">PHOTOGRAPHE<\/p>\n<p style=\"text-align: left;\">LYON<\/p>\n<p style=\"text-align: left;\">PARIS<\/p>\n<p style=\"text-align: left;\">BRUXELLES<\/p>\n<p style=\"text-align: left;\">0033 (0) 6 63 57 03 07<\/p>\n<p style=\"text-align: left;\">Sabine@sabine-serrad.fr<\/p>\n<p>Si vous avez besoin d&rsquo;une meute de comp\u00e9tences Nous nous r\u00e9unissons sous &lsquo;Animal cr\u00e9atif&rsquo;<\/p>\n<p>Direction Artiste, graphisme, illustration, r\u00e9daction&#8230;.<\/p>\n<p>Je suis le chat mais il y a de nombreux autres animaux<\/p>\n<p><a href=\"http:\/\/www.sabine-serrad.fr\/?attachment_id=736\" rel=\"attachment wp-att-736\"><img loading=\"lazy\" decoding=\"async\" data-attachment-id=\"736\" data-permalink=\"https:\/\/www.sabine-serrad.fr\/?attachment_id=736\" data-orig-file=\"https:\/\/i0.wp.com\/www.sabine-serrad.fr\/wp-content\/uploads\/2017\/03\/SABINEdef.jpg?fit=1255%2C877&amp;ssl=1\" data-orig-size=\"1255,877\" data-comments-opened=\"0\" data-image-meta=\"{&quot;aperture&quot;:&quot;0&quot;,&quot;credit&quot;:&quot;&quot;,&quot;camera&quot;:&quot;&quot;,&quot;caption&quot;:&quot;&quot;,&quot;created_timestamp&quot;:&quot;0&quot;,&quot;copyright&quot;:&quot;&quot;,&quot;focal_length&quot;:&quot;0&quot;,&quot;iso&quot;:&quot;0&quot;,&quot;shutter_speed&quot;:&quot;0&quot;,&quot;title&quot;:&quot;&quot;,&quot;orientation&quot;:&quot;1&quot;}\" data-image-title=\"SABINEdef\" data-image-description=\"\" data-image-caption=\"\" data-medium-file=\"https:\/\/i0.wp.com\/www.sabine-serrad.fr\/wp-content\/uploads\/2017\/03\/SABINEdef.jpg?fit=600%2C419&amp;ssl=1\" data-large-file=\"https:\/\/i0.wp.com\/www.sabine-serrad.fr\/wp-content\/uploads\/2017\/03\/SABINEdef.jpg?fit=1200%2C839&amp;ssl=1\" class=\"alignleft wp-image-736 size-medium\" src=\"https:\/\/i0.wp.com\/www.sabine-serrad.fr\/wp-content\/uploads\/2017\/03\/SABINEdef.jpg?resize=600%2C419\" alt=\"SABINEdef\" width=\"600\" height=\"419\" srcset=\"https:\/\/i0.wp.com\/www.sabine-serrad.fr\/wp-content\/uploads\/2017\/03\/SABINEdef.jpg?resize=600%2C419&amp;ssl=1 600w, https:\/\/i0.wp.com\/www.sabine-serrad.fr\/wp-content\/uploads\/2017\/03\/SABINEdef.jpg?resize=768%2C537&amp;ssl=1 768w, https:\/\/i0.wp.com\/www.sabine-serrad.fr\/wp-content\/uploads\/2017\/03\/SABINEdef.jpg?resize=1229%2C859&amp;ssl=1 1229w, https:\/\/i0.wp.com\/www.sabine-serrad.fr\/wp-content\/uploads\/2017\/03\/SABINEdef.jpg?w=1255&amp;ssl=1 1255w\" sizes=\"(max-width: 600px) 100vw, 600px\" data-recalc-dims=\"1\" \/><\/a><\/p>\n<p>&nbsp;<\/p>\n","protected":false},"excerpt":{"rendered":"<p>PHOTOGRAPHE LYON PARIS BRUXELLES 0033 (0) 6 63 57 03&#8230;<\/p>\n","protected":false},"author":1,"featured_media":0,"parent":0,"menu_order":0,"comment_status":"closed","ping_status":"closed","template":"","meta":{"jetpack_post_was_ever_published":false,"footnotes":""},"jetpack_sharing_enabled":true,"jetpack_shortlink":"https:\/\/wp.me\/P6RAGJ-V","jetpack-related-posts":[{"id":527,"url":"https:\/\/www.sabine-serrad.fr\/?page_id=527","url_meta":{"origin":57,"position":0},"title":"INVISIBLE WIRES","author":"sabine-serrad","date":"20 novembre 2015","format":false,"excerpt":"","rel":"","context":"Article similaire","block_context":{"text":"Article similaire","link":""},"img":{"alt_text":"Sabine Serrad","src":"https:\/\/i0.wp.com\/www.sabine-serrad.fr\/wp-content\/uploads\/2015\/11\/SABINE-SERRAD-Invisible-Wires-we-come-in-peace.jpg?fit=992%2C460&ssl=1&resize=350%2C200","width":350,"height":200,"srcset":"https:\/\/i0.wp.com\/www.sabine-serrad.fr\/wp-content\/uploads\/2015\/11\/SABINE-SERRAD-Invisible-Wires-we-come-in-peace.jpg?fit=992%2C460&ssl=1&resize=350%2C200 1x, https:\/\/i0.wp.com\/www.sabine-serrad.fr\/wp-content\/uploads\/2015\/11\/SABINE-SERRAD-Invisible-Wires-we-come-in-peace.jpg?fit=992%2C460&ssl=1&resize=525%2C300 1.5x, https:\/\/i0.wp.com\/www.sabine-serrad.fr\/wp-content\/uploads\/2015\/11\/SABINE-SERRAD-Invisible-Wires-we-come-in-peace.jpg?fit=992%2C460&ssl=1&resize=700%2C400 2x"},"classes":[]},{"id":523,"url":"https:\/\/www.sabine-serrad.fr\/?page_id=523","url_meta":{"origin":57,"position":1},"title":"ATTENDRE ICI OU AILLEURS&#8230;","author":"sabine-serrad","date":"20 novembre 2015","format":false,"excerpt":"","rel":"","context":"Article similaire","block_context":{"text":"Article similaire","link":""},"img":{"alt_text":"Sabine Serrad","src":"https:\/\/i0.wp.com\/www.sabine-serrad.fr\/wp-content\/uploads\/2015\/11\/attendre-ici-ou-ailleurs-8.jpg?fit=1134%2C531&ssl=1&resize=350%2C200","width":350,"height":200,"srcset":"https:\/\/i0.wp.com\/www.sabine-serrad.fr\/wp-content\/uploads\/2015\/11\/attendre-ici-ou-ailleurs-8.jpg?fit=1134%2C531&ssl=1&resize=350%2C200 1x, https:\/\/i0.wp.com\/www.sabine-serrad.fr\/wp-content\/uploads\/2015\/11\/attendre-ici-ou-ailleurs-8.jpg?fit=1134%2C531&ssl=1&resize=525%2C300 1.5x, https:\/\/i0.wp.com\/www.sabine-serrad.fr\/wp-content\/uploads\/2015\/11\/attendre-ici-ou-ailleurs-8.jpg?fit=1134%2C531&ssl=1&resize=700%2C400 2x, https:\/\/i0.wp.com\/www.sabine-serrad.fr\/wp-content\/uploads\/2015\/11\/attendre-ici-ou-ailleurs-8.jpg?fit=1134%2C531&ssl=1&resize=1050%2C600 3x"},"classes":[]},{"id":287,"url":"https:\/\/www.sabine-serrad.fr\/?page_id=287","url_meta":{"origin":57,"position":2},"title":"PORTRAITS","author":"sabine-serrad","date":"18 novembre 2015","format":false,"excerpt":"http:\/\/www.vincent-girard.com https:\/\/soundcloud.com\/juliette-serrad\/sets\/we-are-nine-ep-1","rel":"","context":"Article similaire","block_context":{"text":"Article similaire","link":""},"img":{"alt_text":"Sabine Serrad","src":"https:\/\/i0.wp.com\/www.sabine-serrad.fr\/wp-content\/uploads\/2015\/11\/Sabine-Serrad-Les-Efeuilleuses-Ego-La-Revue-sabine-Serrad-1.jpg?fit=757%2C1134&ssl=1&resize=350%2C200","width":350,"height":200,"srcset":"https:\/\/i0.wp.com\/www.sabine-serrad.fr\/wp-content\/uploads\/2015\/11\/Sabine-Serrad-Les-Efeuilleuses-Ego-La-Revue-sabine-Serrad-1.jpg?fit=757%2C1134&ssl=1&resize=350%2C200 1x, https:\/\/i0.wp.com\/www.sabine-serrad.fr\/wp-content\/uploads\/2015\/11\/Sabine-Serrad-Les-Efeuilleuses-Ego-La-Revue-sabine-Serrad-1.jpg?fit=757%2C1134&ssl=1&resize=525%2C300 1.5x, https:\/\/i0.wp.com\/www.sabine-serrad.fr\/wp-content\/uploads\/2015\/11\/Sabine-Serrad-Les-Efeuilleuses-Ego-La-Revue-sabine-Serrad-1.jpg?fit=757%2C1134&ssl=1&resize=700%2C400 2x"},"classes":[]},{"id":457,"url":"https:\/\/www.sabine-serrad.fr\/?page_id=457","url_meta":{"origin":57,"position":3},"title":"ESPACES PUBLIC","author":"sabine-serrad","date":"19 novembre 2015","format":false,"excerpt":"Architecture \/ Linda Aydostian","rel":"","context":"Article similaire","block_context":{"text":"Article similaire","link":""},"img":{"alt_text":"","src":"https:\/\/i0.wp.com\/www.sabine-serrad.fr\/wp-content\/uploads\/2016\/06\/Linda-Aydostian-Caserne-Soucieu-71.jpg?resize=350%2C200","width":350,"height":200},"classes":[]},{"id":436,"url":"https:\/\/www.sabine-serrad.fr\/?page_id=436","url_meta":{"origin":57,"position":4},"title":"LES ENFANTS DU DESIGN","author":"sabine-serrad","date":"19 novembre 2015","format":false,"excerpt":"","rel":"","context":"Article similaire","block_context":{"text":"Article similaire","link":""},"img":{"alt_text":"","src":"https:\/\/i0.wp.com\/www.sabine-serrad.fr\/wp-content\/uploads\/2015\/11\/LES-ENFANTS-DU-DESIGN-Chambre-April-168.jpg?resize=350%2C200","width":350,"height":200},"classes":[]},{"id":407,"url":"https:\/\/www.sabine-serrad.fr\/?page_id=407","url_meta":{"origin":57,"position":5},"title":"EXT\u00c9RIEURS","author":"sabine-serrad","date":"19 novembre 2015","format":false,"excerpt":"","rel":"","context":"Article similaire","block_context":{"text":"Article similaire","link":""},"img":{"alt_text":"Sabine Serrad","src":"https:\/\/i0.wp.com\/www.sabine-serrad.fr\/wp-content\/uploads\/2015\/11\/IN-CONCEPT-Villie\u0301-Morgon-Sabine-Serrad-78.jpg?fit=992%2C662&ssl=1&resize=350%2C200","width":350,"height":200,"srcset":"https:\/\/i0.wp.com\/www.sabine-serrad.fr\/wp-content\/uploads\/2015\/11\/IN-CONCEPT-Villie\u0301-Morgon-Sabine-Serrad-78.jpg?fit=992%2C662&ssl=1&resize=350%2C200 1x, https:\/\/i0.wp.com\/www.sabine-serrad.fr\/wp-content\/uploads\/2015\/11\/IN-CONCEPT-Villie\u0301-Morgon-Sabine-Serrad-78.jpg?fit=992%2C662&ssl=1&resize=525%2C300 1.5x, https:\/\/i0.wp.com\/www.sabine-serrad.fr\/wp-content\/uploads\/2015\/11\/IN-CONCEPT-Villie\u0301-Morgon-Sabine-Serrad-78.jpg?fit=992%2C662&ssl=1&resize=700%2C400 2x"},"classes":[]}],"_links":{"self":[{"href":"https:\/\/www.sabine-serrad.fr\/index.php?rest_route=\/wp\/v2\/pages\/57"}],"collection":[{"href":"https:\/\/www.sabine-serrad.fr\/index.php?rest_route=\/wp\/v2\/pages"}],"about":[{"href":"https:\/\/www.sabine-serrad.fr\/index.php?rest_route=\/wp\/v2\/types\/page"}],"author":[{"embeddable":true,"href":"https:\/\/www.sabine-serrad.fr\/index.php?rest_route=\/wp\/v2\/users\/1"}],"replies":[{"embeddable":true,"href":"https:\/\/www.sabine-serrad.fr\/index.php?rest_route=%2Fwp%2Fv2%2Fcomments&post=57"}],"version-history":[{"count":15,"href":"https:\/\/www.sabine-serrad.fr\/index.php?rest_route=\/wp\/v2\/pages\/57\/revisions"}],"predecessor-version":[{"id":375,"href":"https:\/\/www.sabine-serrad.fr\/index.php?rest_route=\/wp\/v2\/pages\/57\/revisions\/375"}],"wp:attachment":[{"href":"https:\/\/www.sabine-serrad.fr\/index.php?rest_route=%2Fwp%2Fv2%2Fmedia&parent=57"}],"curies":[{"name":"wp","href":"https:\/\/api.w.org\/{rel}","templated":true}]}}